{"id":1272,"date":"2026-02-20T16:39:23","date_gmt":"2026-02-20T16:39:23","guid":{"rendered":"https:\/\/islandrover.is\/?page_id=1272"},"modified":"2026-02-20T18:02:42","modified_gmt":"2026-02-20T18:02:42","slug":"skra-bil","status":"publish","type":"page","link":"https:\/\/islandrover.is\/en\/skra-bil\/","title":{"rendered":"Register car"},"content":{"rendered":"<div data-elementor-type=\"wp-page\" data-elementor-id=\"1272\" class=\"elementor elementor-1272\" data-elementor-post-type=\"page\">\n\t\t\t\t\t\t<\/div>","protected":false},"excerpt":{"rendered":"<p>Skr\u00e1\u00f0u b\u00edlinn \u00feinn \u00e1 \u00cdslandrover Heiti b\u00edls H\u00e9r sl\u00e6r\u00f0 \u00fe\u00fa inn t.d. Landrover Series II Mynd af b\u00edlnum H\u00e1marksst\u00e6r\u00f0 mb: 2 MB H\u00e9r hle\u00f0ur \u00fe\u00fa upp mynd af b\u00edlnum \u00ed 1:1 hlutf\u00f6llum Texti um b\u00edlinn H\u00e9r erum vi\u00f0 a\u00f0 tala um 2-4 l\u00ednur me\u00f0 l\u00fdsingu \u00e1 b\u00edlnum, eiganda og kannski \u00e1grip af s\u00f6gu b\u00edlsins \u00c1rger\u00f0 [&hellip;]<\/p>\n","protected":false},"author":1,"featured_media":0,"parent":0,"menu_order":0,"comment_status":"closed","ping_status":"closed","template":"elementor_header_footer","meta":{"footnotes":""},"class_list":["post-1272","page","type-page","status-publish","hentry"],"_links":{"self":[{"href":"https:\/\/islandrover.is\/en\/wp-json\/wp\/v2\/pages\/1272","targetHints":{"allow":["GET"]}}],"collection":[{"href":"https:\/\/islandrover.is\/en\/wp-json\/wp\/v2\/pages"}],"about":[{"href":"https:\/\/islandrover.is\/en\/wp-json\/wp\/v2\/types\/page"}],"author":[{"embeddable":true,"href":"https:\/\/islandrover.is\/en\/wp-json\/wp\/v2\/users\/1"}],"replies":[{"embeddable":true,"href":"https:\/\/islandrover.is\/en\/wp-json\/wp\/v2\/comments?post=1272"}],"version-history":[{"count":31,"href":"https:\/\/islandrover.is\/en\/wp-json\/wp\/v2\/pages\/1272\/revisions"}],"predecessor-version":[{"id":1336,"href":"https:\/\/islandrover.is\/en\/wp-json\/wp\/v2\/pages\/1272\/revisions\/1336"}],"wp:attachment":[{"href":"https:\/\/islandrover.is\/en\/wp-json\/wp\/v2\/media?parent=1272"}],"curies":[{"name":"word per minute","href":"https:\/\/api.w.org\/{rel}","templated":true}]}}